{"id":3196,"date":"2020-06-20T19:04:58","date_gmt":"2020-06-20T19:04:58","guid":{"rendered":"https:\/\/mtbsalta.com\/?page_id=3196"},"modified":"2020-06-20T19:04:58","modified_gmt":"2020-06-20T19:04:58","slug":"schedule","status":"publish","type":"page","link":"https:\/\/mtbsalta.com\/en\/schedule\/","title":{"rendered":"Schedule"},"content":{"rendered":"<p>[vc_row][vc_column][vc_column_text]En esta secci\u00f3n podr\u00e1n encontrar nuestro calendario de salidas y excursiones programadas.<\/p>\n<p>*Actualmente, debido a la pand\u00e9mia de COVID-19, las excursiones y viajes programados para el resto del a\u00f1o 2020 pueden sufrir cancelaci\u00f3n o modificaciones.<\/p>\n<h3>Enero<\/h3>\n<h3>Febrero<\/h3>\n<h3>Marzo<\/h3>\n<h3>Abril<\/h3>\n<h3>Mayo<\/h3>\n<h3>Junio<\/h3>\n<h3>julio<\/h3>\n<h3>Agosto<\/h3>\n<h3>Septiembre<\/h3>\n<ul>\n<li>Viaje por la Rioja con Rodado 26<\/li>\n<\/ul>\n<h3>Octubre<\/h3>\n<ul>\n<li>Vuelta a los Valles Calchaqu\u00edes<\/li>\n<\/ul>\n<h3>Noviembre<\/h3>\n<ul>\n<li>Jujuy, Quebrada de Humahuaca e Iruya<\/li>\n<\/ul>\n<h3>Diciembre<\/h3>\n<p>[\/vc_column_text][\/vc_column][\/vc_row][vc_row][vc_column]<div class=\"title title--big title--underline title--decoration-bottom-left\">\n\t\t\t<div class=\"title__subtitle\">Te gustar\u00eda viajar con nosotros?<\/div>\n\t\t<h3 class=\"title__primary\">Escribinos!<\/h3>\n<\/div>\n[contact-form-7 id=&#8221;162&#8243;][\/vc_column][\/vc_row]<\/p>\n","protected":false},"excerpt":{"rendered":"<p>[vc_row][vc_column][vc_column_text]En esta secci\u00f3n podr\u00e1n encontrar nuestro calendario de salidas y excursiones programadas. *Actualmente, debido a la pand\u00e9mia de COVID-19, las excursiones y viajes programados para el resto del a\u00f1o 2020 pueden sufrir cancelaci\u00f3n o modificaciones. Enero Febrero Marzo Abril Mayo Junio julio Agosto Septiembre Viaje por la Rioja con Rodado 26 Octubre Vuelta a los<\/p>\n<div class=\"padding-top text-center\"><a href=\"https:\/\/mtbsalta.com\/en\/schedule\/\" class=\"atbtn atbtn--medium atbtn--rounded atbtn--transparent\">Leer M\u00e1s<i class=\"atbtn__icon atbtn__icon--right fa fa-long-arrow-right\"><\/i><\/a><\/div>\n","protected":false},"author":1,"featured_media":0,"parent":0,"menu_order":0,"comment_status":"closed","ping_status":"closed","template":"","meta":{"_joinchat":[],"footnotes":""},"class_list":["post-3196","page","type-page","status-publish","hentry"],"_links":{"self":[{"href":"https:\/\/mtbsalta.com\/en\/wp-json\/wp\/v2\/pages\/3196","targetHints":{"allow":["GET"]}}],"collection":[{"href":"https:\/\/mtbsalta.com\/en\/wp-json\/wp\/v2\/pages"}],"about":[{"href":"https:\/\/mtbsalta.com\/en\/wp-json\/wp\/v2\/types\/page"}],"author":[{"embeddable":true,"href":"https:\/\/mtbsalta.com\/en\/wp-json\/wp\/v2\/users\/1"}],"replies":[{"embeddable":true,"href":"https:\/\/mtbsalta.com\/en\/wp-json\/wp\/v2\/comments?post=3196"}],"version-history":[{"count":0,"href":"https:\/\/mtbsalta.com\/en\/wp-json\/wp\/v2\/pages\/3196\/revisions"}],"wp:attachment":[{"href":"https:\/\/mtbsalta.com\/en\/wp-json\/wp\/v2\/media?parent=3196"}],"curies":[{"name":"wp","href":"https:\/\/api.w.org\/{rel}","templated":true}]}}