{"id":3202,"date":"2019-04-23T19:19:45","date_gmt":"2019-04-23T19:19:45","guid":{"rendered":"https:\/\/mtbsalta.com\/logistica-de-aventura\/"},"modified":"2020-06-20T19:10:37","modified_gmt":"2020-06-20T19:10:37","slug":"adventure-logistics","status":"publish","type":"page","link":"https:\/\/mtbsalta.com\/en\/adventure-logistics\/","title":{"rendered":"Adventure Logistics"},"content":{"rendered":"<p>[vc_row][vc_column offset=&#8221;vc_col-md-9&#8243;]<div class=\"title title--big title--underline\">\n\t\t\t<div class=\"title__subtitle\">Nuestros equipos, veh\u00edculos, trailers y gu\u00edas a disposici\u00f3n de tu organizaci\u00f3n.<\/div>\n\t\t<h3 class=\"title__primary\">Log\u00edstica para tu viaje<\/h3>\n<\/div>\n<div class=\"icons-set\">\n\t<div class=\"row icons-set__row\">\n\t\t\t\t\t<div class=\"col-sm-4\">\n\t\t\t<div class=\"icons-set__item\">\n\t\t\t\t\t\t\t<div class=\"icons-set__item__field icons-set__item__field--fix-size\">\n\t\t\t\t<div class=\"icons-set__item__icon-wrap\"><i class=\"icons-set__item__icon td-earth-1\"><\/i><\/div>\t\t\t\t<\/div>\n\t\t\t\t\t\t\t<div class=\"icons-set__item__field\">\n\t\t\t\t<h3 class=\"icons-set__item__title\">Todos los destinos<\/h3>\t\t\t\t\t<div class=\"icons-set__item__description\">Conocemos la regi\u00f3n del NOA. Podemos hacerte soporte en cualquier ruta, camino o circuito tur\u00edstico.<\/div>\n\t\t\t\t<\/div>\n\t\t\t<\/div>\n\t\t<\/div>\n\t\t\t\t\t<div class=\"col-sm-4\">\n\t\t\t<div class=\"icons-set__item\">\n\t\t\t\t\t\t\t<div class=\"icons-set__item__field icons-set__item__field--fix-size\">\n\t\t\t\t<div class=\"icons-set__item__icon-wrap\"><i class=\"icons-set__item__icon td-trailer\"><\/i><\/div>\t\t\t\t<\/div>\n\t\t\t\t\t\t\t<div class=\"icons-set__item__field\">\n\t\t\t\t<h3 class=\"icons-set__item__title\">Trailers especiales<\/h3>\t\t\t\t\t<div class=\"icons-set__item__description\">Contamos con diferentes trailers para llevar desde 10 a 30 bicicletas de forma segura.<\/div>\n\t\t\t\t<\/div>\n\t\t\t<\/div>\n\t\t<\/div>\n\t\t\t\t\t<div class=\"col-sm-4\">\n\t\t\t<div class=\"icons-set__item\">\n\t\t\t\t\t\t\t<div class=\"icons-set__item__field icons-set__item__field--fix-size\">\n\t\t\t\t<div class=\"icons-set__item__icon-wrap\"><i class=\"icons-set__item__icon fa fa-bus\"><\/i><\/div>\t\t\t\t<\/div>\n\t\t\t\t\t\t\t<div class=\"icons-set__item__field\">\n\t\t\t\t<h3 class=\"icons-set__item__title\">Minibuses<\/h3>\t\t\t\t\t<div class=\"icons-set__item__description\">Habilitados para traslado de pasajeros y equipajes. De 15, 19 o 24 asientos.<\/div>\n\t\t\t\t<\/div>\n\t\t\t<\/div>\n\t\t<\/div>\n\t\t\t<\/div><div class=\"row icons-set__row\">\t\t<div class=\"col-sm-4\">\n\t\t\t<div class=\"icons-set__item\">\n\t\t\t\t\t\t\t<div class=\"icons-set__item__field icons-set__item__field--fix-size\">\n\t\t\t\t<div class=\"icons-set__item__icon-wrap\"><i class=\"icons-set__item__icon fa fa-address-card-o\"><\/i><\/div>\t\t\t\t<\/div>\n\t\t\t\t\t\t\t<div class=\"icons-set__item__field\">\n\t\t\t\t<h3 class=\"icons-set__item__title\">Gu\u00edas Matriculados<\/h3>\t\t\t\t\t<div class=\"icons-set__item__description\">Gu\u00edas profesionales con carnet habilitante. Biling\u00fces y con experiencia en ciclismo, trekking y Yoga.<\/div>\n\t\t\t\t<\/div>\n\t\t\t<\/div>\n\t\t<\/div>\n\t\t\t\t\t<div class=\"col-sm-4\">\n\t\t\t<div class=\"icons-set__item\">\n\t\t\t\t\t\t\t<div class=\"icons-set__item__field icons-set__item__field--fix-size\">\n\t\t\t\t<div class=\"icons-set__item__icon-wrap\"><i class=\"icons-set__item__icon fa fa-road\"><\/i><\/div>\t\t\t\t<\/div>\n\t\t\t\t\t\t\t<div class=\"icons-set__item__field\">\n\t\t\t\t<h3 class=\"icons-set__item__title\">Kil\u00f3metros de experiencia<\/h3>\t\t\t\t\t<div class=\"icons-set__item__description\">Nuestra experiencia se cuenta por kil\u00f3metros. Desde el a\u00f1o 2002 que recorremos las rutas del norte argentino.<\/div>\n\t\t\t\t<\/div>\n\t\t\t<\/div>\n\t\t<\/div>\n\t\t\t\t\t<div class=\"col-sm-4\">\n\t\t\t<div class=\"icons-set__item\">\n\t\t\t\t\t\t\t<div class=\"icons-set__item__field icons-set__item__field--fix-size\">\n\t\t\t\t<div class=\"icons-set__item__icon-wrap\"><i class=\"icons-set__item__icon td-heart\"><\/i><\/div>\t\t\t\t<\/div>\n\t\t\t\t\t\t\t<div class=\"icons-set__item__field\">\n\t\t\t\t<h3 class=\"icons-set__item__title\">Apasionados por viajar<\/h3>\t\t\t\t\t<div class=\"icons-set__item__description\">Nuestro equipo viajara junto con vos haci\u00e9ndote vivir la mejor experiencia.<\/div>\n\t\t\t\t<\/div>\n\t\t\t<\/div>\n\t\t<\/div>\n\t\t<\/div>\n<\/div>\n[\/vc_column][vc_column offset=&#8221;vc_col-md-3&#8243;][vc_single_image image=&#8221;3068&#8243; img_size=&#8221;260&#215;300&#8243; alignment=&#8221;center&#8221; style=&#8221;vc_box_border&#8221;][\/vc_column][\/vc_row][vc_row][vc_column][vc_separator el_width=&#8221;60&#8243;]<div class=\"title title--underline title--decoration-bottom-left\">\n\t\t\t<div class=\"title__subtitle\">Norte Argentino<\/div>\n\t\t<h3 class=\"title__primary\">Soluciones de log\u00edstica<\/h3>\n<\/div>\n[vc_column_text]Desde el a\u00f1o 2002, que <strong>recorremos las rutas del norte argentino con diferentes grupos<\/strong>, tanto de ciclistas como de trekking.<\/p>\n<p>Contamos con <strong>infraestructura especifica para realizar viajes personalizados de aventura<\/strong>.<\/p>\n<p>Una flota de veh\u00edculos para transportar pasajeros y para mover toda la log\u00edstica que un viaje de aventura requiere.<\/p>\n<p><strong>Camionetas 4&#215;4<\/strong> para transitar los caminos mas rec\u00f3nditos del norte argentino.<\/p>\n<p><strong>Trailers construidos espec\u00edficamente para transporte de bicicletas<\/strong> de forma segura sin que sufran golpes. Tenemos 3 trailers de diferentes tama\u00f1os que <strong>pueden llevar 10, 18 o 30 bicicletas<\/strong> de cualquier rodado.<\/p>\n<p>Minbuses de 15, 19 o 24 asientos <strong>habilitados para el transporte de pasajeros<\/strong>.<\/p>\n<p>Una flota de mas de <strong>30 bicicletas mountain bike rodado 29<\/strong> con equipos Shimano y frenos hidr\u00e1ulicos. Disponible para <a href=\"https:\/\/www.mtbsalta.com\/alquiler-de-bicicletas-en-salta\/\">alquiler<\/a> o compra.<\/p>\n<p>Trabajamos con grupos de amigos, empresas, agencias de viajes y con programas de <strong>team building<\/strong>.[\/vc_column_text][\/vc_column][\/vc_row][vc_row][vc_column][\/vc_column][\/vc_row][vc_row][vc_column]<div class=\"title title--big title--underline title--decoration-bottom-left\">\n\t\t\t<div class=\"title__subtitle\">Nos gusta viajar como a vos!<\/div>\n\t\t<h3 class=\"title__primary\">Especialistas en log\u00edstica de aventura<\/h3>\n<\/div>\n[vc_gallery type=&#8221;image_grid&#8221; images=&#8221;3096,3094,3092,3090,3088,3086,3084,3082,3066,3068,3070,3072,3074,3076,3078,3080,3064,3047,3049,3037,3027&#8243;][\/vc_column][\/vc_row][vc_row][vc_column]<div class=\"title title--big title--underline title--decoration-bottom-left\">\n\t\t\t<div class=\"title__subtitle\">Escribinos para<\/div>\n\t\t<h3 class=\"title__primary\">Cotizar tu aventura<\/h3>\n<\/div>\n[contact-form-7 id=&#8221;162&#8243;][\/vc_column][\/vc_row][vc_row][vc_column][\/vc_column][\/vc_row]<\/p>\n","protected":false},"excerpt":{"rendered":"<p>[vc_row][vc_column offset=&#8221;vc_col-md-9&#8243;][\/vc_column][vc_column offset=&#8221;vc_col-md-3&#8243;][vc_single_image image=&#8221;3068&#8243; img_size=&#8221;260&#215;300&#8243; alignment=&#8221;center&#8221; style=&#8221;vc_box_border&#8221;][\/vc_column][\/vc_row][vc_row][vc_column][vc_separator el_width=&#8221;60&#8243;][vc_column_text]Desde el a\u00f1o 2002, que recorremos las rutas del norte argentino con diferentes grupos, tanto de ciclistas como de trekking. Contamos con infraestructura especifica para realizar viajes personalizados de aventura. Una flota de veh\u00edculos para transportar pasajeros y para mover toda la log\u00edstica que un viaje de aventura<\/p>\n<div class=\"padding-top text-center\"><a href=\"https:\/\/mtbsalta.com\/en\/adventure-logistics\/\" class=\"atbtn atbtn--medium atbtn--rounded atbtn--transparent\">Leer M\u00e1s<i class=\"atbtn__icon atbtn__icon--right fa fa-long-arrow-right\"><\/i><\/a><\/div>\n","protected":false},"author":1,"featured_media":0,"parent":0,"menu_order":0,"comment_status":"closed","ping_status":"closed","template":"","meta":{"_joinchat":{"message_text":"Podemos armar el viaje que necesites y podes contar con nuestros equipos y log\u00edstica. Escribinos para mas informaci\u00f3n."},"footnotes":""},"class_list":["post-3202","page","type-page","status-publish","hentry"],"_links":{"self":[{"href":"https:\/\/mtbsalta.com\/en\/wp-json\/wp\/v2\/pages\/3202","targetHints":{"allow":["GET"]}}],"collection":[{"href":"https:\/\/mtbsalta.com\/en\/wp-json\/wp\/v2\/pages"}],"about":[{"href":"https:\/\/mtbsalta.com\/en\/wp-json\/wp\/v2\/types\/page"}],"author":[{"embeddable":true,"href":"https:\/\/mtbsalta.com\/en\/wp-json\/wp\/v2\/users\/1"}],"replies":[{"embeddable":true,"href":"https:\/\/mtbsalta.com\/en\/wp-json\/wp\/v2\/comments?post=3202"}],"version-history":[{"count":0,"href":"https:\/\/mtbsalta.com\/en\/wp-json\/wp\/v2\/pages\/3202\/revisions"}],"wp:attachment":[{"href":"https:\/\/mtbsalta.com\/en\/wp-json\/wp\/v2\/media?parent=3202"}],"curies":[{"name":"wp","href":"https:\/\/api.w.org\/{rel}","templated":true}]}}