{"id":3209,"date":"2020-06-20T19:16:10","date_gmt":"2020-06-20T19:16:10","guid":{"rendered":"https:\/\/mtbsalta.com\/?page_id=3209"},"modified":"2020-06-20T19:16:10","modified_gmt":"2020-06-20T19:16:10","slug":"bike-service-in-salta","status":"publish","type":"page","link":"https:\/\/mtbsalta.com\/en\/bike-service-in-salta\/","title":{"rendered":"Bike Service in Salta"},"content":{"rendered":"<p>[vc_row][vc_column][vc_column_text]<img decoding=\"async\" class=\"size-medium wp-image-3027 alignleft\" src=\"https:\/\/mtbsalta.com\/wp-content\/uploads\/2020\/06\/taller-mtb-salta-225x300.jpg\" alt=\"\" width=\"225\" height=\"300\" srcset=\"https:\/\/mtbsalta.com\/wp-content\/uploads\/2020\/06\/taller-mtb-salta-225x300.jpg 225w, https:\/\/mtbsalta.com\/wp-content\/uploads\/2020\/06\/taller-mtb-salta-768x1024.jpg 768w, https:\/\/mtbsalta.com\/wp-content\/uploads\/2020\/06\/taller-mtb-salta-600x800.jpg 600w, https:\/\/mtbsalta.com\/wp-content\/uploads\/2020\/06\/taller-mtb-salta-rotated.jpg 855w\" sizes=\"(max-width: 225px) 100vw, 225px\" \/>Nuestra principal actividad siempre fueron las <a href=\"https:\/\/www.mtbsalta.com\/categorias\/mountain-bike-en-salta\/\">excursiones en bicicleta en Salta<\/a>.<\/p>\n<p>Siempre contamos con taller para realizar el bike service, donde atend\u00edamos y manten\u00edamos las bicicletas de la flota propia con la que realiz\u00e1bamos las traves\u00edas en bicicletas con grupos o <a href=\"https:\/\/www.mtbsalta.com\/alquiler-de-bicicletas-en-salta\/\">rent a bike<\/a>.<\/p>\n<p>Ahora, nuestro taller esta abierto a cualquier persona que necesite de un <strong>mec\u00e1nico de bicicletas en Salta<\/strong> de confianza.<\/p>\n<p>Por eso, nos hemos sumado a la lista de <strong>bicicleterias en Salta<\/strong> que pueden brindar servicios y productos al publico local y de afuera.<\/p>\n<p>Nos encargamos de recibir tu bicicleta usada, evaluarla y mantenerte informado constantemente mediante whatsapp del estado en que se encuentra el trabajo.<\/p>\n<p>Si tenes una bicicleta Venzo o una bicicleta rodado 29 quedate tranquilo que somos especialistas.<\/p>\n<p>Tambi\u00e9n atendemos otros tipos de bicicletas como pueden ser bicicletas plegables, bicicletas de ruta y bicicletas de paseo o de ciudad.<\/p>\n<p>Con tiempos r\u00e1pidos de entrega, te aseguramos facilidad, confianza y garant\u00eda.<\/p>\n<p>[\/vc_column_text]<div class=\"title title--big title--underline title--decoration-bottom-left\">\n\t\t\t<div class=\"title__subtitle\">Trabajos con garant\u00eda<\/div>\n\t\t<h3 class=\"title__primary\">Precios del Bike Service en Salta<\/h3>\n<\/div>\n[vc_column_text][rpt name=&#8221;3054&#8243;]<\/p>\n<p>* El <strong>detailing<\/strong> es un tipo de lavado en profundidad con productos de belleza para veh\u00edculos como ser silicona y resaltadores de caucho. La bici va a brillar como cuando era nueva![\/vc_column_text]<div class=\"title title--big title--underline title--decoration-bottom-left\">\n\t\t\t<div class=\"title__subtitle\">Conf\u00eda en nuestra experiencia<\/div>\n\t\t<h3 class=\"title__primary\">Solicit\u00e1 un Turno<\/h3>\n<\/div>\n[vc_column_text]Mandanos un correo o comunicate por whatsapp al 387 5271499.<\/p>\n<p>Podes traer a bici de <strong>Lunes a Viernes de 11.30 a 18 hs.<\/strong> en zona centro de la ciudad de Salta (siempre con turno previo).[\/vc_column_text][contact-form-7 id=&#8221;162&#8243;][vc_empty_space]<div class=\"title title--big title--underline title--decoration-bottom-left\">\n\t\t\t<div class=\"title__subtitle\">Nuestros servicios<\/div>\n\t\t<h3 class=\"title__primary\">En Fotos<\/h3>\n<\/div>\n[vc_gallery type=&#8221;image_grid&#8221; images=&#8221;3027,3029,3031,3033,3035,3037,3039,3041,3043,3045,3047,3049&#8243; img_size=&#8221;150%&#8221;][\/vc_column][\/vc_row][vc_row][vc_column css=&#8221;.vc_custom_1591370877370{padding-left: 20px !important;}&#8221;][\/vc_column][\/vc_row][vc_row][vc_column][\/vc_column][\/vc_row]<\/p>\n","protected":false},"excerpt":{"rendered":"<p>[vc_row][vc_column][vc_column_text]Nuestra principal actividad siempre fueron las excursiones en bicicleta en Salta. Siempre contamos con taller para realizar el bike service, donde atend\u00edamos y manten\u00edamos las bicicletas de la flota propia con la que realiz\u00e1bamos las traves\u00edas en bicicletas con grupos o rent a bike. Ahora, nuestro taller esta abierto a cualquier persona que necesite de<\/p>\n<div class=\"padding-top text-center\"><a href=\"https:\/\/mtbsalta.com\/en\/bike-service-in-salta\/\" class=\"atbtn atbtn--medium atbtn--rounded atbtn--transparent\">Leer M\u00e1s<i class=\"atbtn__icon atbtn__icon--right fa fa-long-arrow-right\"><\/i><\/a><\/div>\n","protected":false},"author":1,"featured_media":0,"parent":0,"menu_order":0,"comment_status":"closed","ping_status":"closed","template":"","meta":{"_joinchat":[],"footnotes":""},"class_list":["post-3209","page","type-page","status-publish","hentry"],"_links":{"self":[{"href":"https:\/\/mtbsalta.com\/en\/wp-json\/wp\/v2\/pages\/3209","targetHints":{"allow":["GET"]}}],"collection":[{"href":"https:\/\/mtbsalta.com\/en\/wp-json\/wp\/v2\/pages"}],"about":[{"href":"https:\/\/mtbsalta.com\/en\/wp-json\/wp\/v2\/types\/page"}],"author":[{"embeddable":true,"href":"https:\/\/mtbsalta.com\/en\/wp-json\/wp\/v2\/users\/1"}],"replies":[{"embeddable":true,"href":"https:\/\/mtbsalta.com\/en\/wp-json\/wp\/v2\/comments?post=3209"}],"version-history":[{"count":0,"href":"https:\/\/mtbsalta.com\/en\/wp-json\/wp\/v2\/pages\/3209\/revisions"}],"wp:attachment":[{"href":"https:\/\/mtbsalta.com\/en\/wp-json\/wp\/v2\/media?parent=3209"}],"curies":[{"name":"wp","href":"https:\/\/api.w.org\/{rel}","templated":true}]}}